{"id":5134,"date":"2024-12-28T13:45:34","date_gmt":"2024-12-28T18:45:34","guid":{"rendered":"https:\/\/www.adlerguerrier.com\/studio\/?page_id=5134"},"modified":"2025-09-08T08:34:12","modified_gmt":"2025-09-08T12:34:12","slug":"texts","status":"publish","type":"page","link":"https:\/\/www.adlerguerrier.com\/studio\/texts\/","title":{"rendered":"Texts"},"content":{"rendered":"\n<p><br \/><strong>Bibliography<\/strong><\/p>\n\n\n\n<p>Wilson, Leslie M., &#8220;<a href=\"https:\/\/www.marisanewman.com\/projects#\/adler-guerrier-wanders-a-never-fixed-nor-dormant-landscape\">Weathering, and other ways to survive<\/a>&#8220;, June 2024. [<a href=\"https:\/\/www.adlerguerrier.com\/studio\/wp-content\/uploads\/2025\/09\/AdlerGuerrier_Weatheringandotherwaystosurvive_06_2024.pdf\">PDF<\/a>]<\/p>\n\n\n\n<p>Tawe, Elisha, \u201c<a href=\"https:\/\/www.adlerguerrier.com\/studio\/press-adler-guerrier-dreams-and-geographies-that-transfigure-us\/\">Adler Guerrier: Dreams and Geographies that Transfigure Us<\/a>\u201d, <a href=\"https:\/\/amlatina.contemporaryand.com\/editorial\/adler-guerrier-dreams-and-geographies-that-transfigure-us\/\">Contemporary And Am\u00e9rica Latina<\/a>, July 12, 2023.<\/p>\n\n\n\n<p>Lockner, Logan, \u201cStaying South\u201d <a href=\"https:\/\/www.artnews.com\/art-in-america\/features\/staying-south-katz-tepper-adler-guerrier-coulter-fussell-1234610455\/\">Art in America<\/a>, November-December 2021. [<a href=\"https:\/\/www.adlerguerrier.com\/studio\/wp-content\/uploads\/2025\/09\/1175-Art-in-America-November-2021-Staying-South.pdf\">PDF<\/a>]<\/p>\n\n\n\n<p>Omotosho, Ade J., \u201cMiami D\u00e9rive: Walking with Adler Guerrier\u201d <a href=\"https:\/\/burnaway.org\/miami-derive-adler-guerrier\/\"><u>Burnaway<\/u><\/a>, February 7, 2020.<\/p>\n\n\n\n<p>Bueti Federica, \u201cHavana Biennial 2019 Constructing the Possible\u201d <a href=\"https:\/\/ocula.com\/magazine\/reports\/havana-biennial-2019-constructing-the-possible\/\"><u>Ocula<\/u><\/a>, April 17, 2019.<\/p>\n\n\n\n<p>Del Toro, Natasha. \u201cMiami artist Adler Guerrier\u2019s sense of place\u201d <a href=\"https:\/\/thenewtropic.com\/miami-artist-adler-guerriers-sense-of-place\/\"><u>The New Tropic<\/u><\/a>, February 4, 2019.<\/p>\n\n\n\n<p>Haefele, Marc. \u201cAdler Guerrier&#8217;s paradise lost and found at California African American Museum\u201d <a href=\"https:\/\/www.scpr.org\/news\/2018\/02\/15\/80753\/review-paradise-lost-and-found-at-california-afric\/\"><u>KPCC<\/u><\/a>, February 15, 2018.<\/p>\n\n\n\n<p>Goyanes, Rob. \u201cStop and Smell the Hibiscus: On Laziness, Art, and the Utopia Imagined by Adler Guerrier\u201d <a href=\"http:\/\/pelicanbomb.com\/art-review\/2018\/stop-and-smell-the-hibiscus-on-laziness-art-and-the-utopia-imagined-by-adler-guerrier\"><u>Pelican Bomb<\/u><\/a>, January 12, 2018.<\/p>\n\n\n\n<p>Turner, Elisa. \u201cAdler Guerrier: Deployed, Conditional, and Limited Utopia\u201d <a href=\"https:\/\/miamirail.org\/reviews\/adler-guerrier-deployed-conditional-and-limited-utopia\/\"><u>Miami Rail<\/u><\/a>, November 2017.<\/p>\n\n\n\n<p>Turner, Elisa. \u201cAdler Guerrier at P\u00e9rez Art Museum Miami\u201d ARTnews, November 2014.<\/p>\n\n\n\n<p>Patel, Alpesh Kantilal. \u201cAdler Guerrier\u201d Art Forum Critics&#8217; Picks http:\/\/artforum.com\/picks\/id=48390<\/p>\n\n\n\n<p>Tschida, Anne. \u201cAt Perez Art Museum Miami, Adler Guerrier\u2019s singular view of the city\u201c Miami Herald, September 6, 2014.<\/p>\n\n\n\n<p>Batet, Janet. \u201cAdler Guerrier: el paisaje urbano como term\u00f3metro psicosocial\u201d El Nuevo Herald, August, 22, 2014.<\/p>\n\n\n\n<p>Tschida, Anne. \u201cAdler Guerrier: Miami artist and advocate\u201d Miami Herald\/Indulge Magazine, November 29, 2013<\/p>\n\n\n\n<p>Coussonet, Clelia. &#8220;BE.BOP 2013: Interview with Adler Guerrier.&#8221; Uprising News: Contemporary Caribbean Art Blog, July 1, 2013.<\/p>\n\n\n\n<p>Braithwaite, Hunter. &#8220;Adler Guerrier.&#8221; Art in America. December 2012.<\/p>\n\n\n\n<p>Sanfilippo, Amanda, &#8220;Adler Guerrier: Here, Place the Lever,&#8221; Miami Rail, October 2012<\/p>\n\n\n\n<p>Batet, Janet, \u201cAdler Guerrier : El paisaje psicogeogr\u00e1fico como indagaci\u00f3n art\u00edstica\u201d El Nuevo Herald, September 23, 2012.<\/p>\n\n\n\n<p>Dunlop, Beth, \u201cAn exhibition at ArtCenter\/South Florida offers a tantalizing sample of new public-art projects\u201d The Miami Herald, February 13, 2011.<\/p>\n\n\n\n<p>Austin, Tom, &#8220;The Commuter,&#8221; The Miami Herald, March 14, 2010<\/p>\n\n\n\n<p>Suarez de Jesus, Carlos, \u201cMiami Art Museum&#8217;s &#8220;New Work Miami 2010&#8221; showcases breadth and scope of local talent,\u201d Miami New Times, July 22, 2010.<\/p>\n\n\n\n<p>Austin, Tom, &#8220;The Commuter,&#8221; The Miami Herald, March 14, 2010<\/p>\n\n\n\n<p>Wullschlager, Jackie, &#8220;Afro Modern, Tate Liverpool,&#8221; The Financial Times, February 2, 2010<\/p>\n\n\n\n<p>Suarez de Jesus, Carlos, \u201cWynwood Wonder,\u201d Miami New Times, May 27, 2009.<\/p>\n\n\n\n<p>Volk, Gregory, \u201cSpring Dystopia&#8230;\u201d Art in America, May 2008<\/p>\n\n\n\n<p>Sokol, Brett, \u201cTree Miamians at the Whitney&#8230;\u201d Miami Herald, April 6, 2008<\/p>\n\n\n\n<p>Cotter, Holland, \u201cThe Topic is Race; The Art is Fearless\u201d The New York Times, March 30, 2008<\/p>\n\n\n\n<p>Cotter, Holland, \u201cArt&#8217;s Economic Indicator\u201d The New York Times, March 7, 2008<\/p>\n\n\n\n<p>Triff, Alfredo, \u201cCity Views and Latin Views\u201d Miami NewTimes, April 21, 2005.<\/p>\n\n\n\n<p>David, Nicole, \u201cThe Miami School\u201d Artnet.com, October 6, 2004<\/p>\n\n\n\n<p>Triff, Alfredo, \u201cArt\u2019s Big New Home\u201d Miami NewTimes, February26, 2004<\/p>\n\n\n\n<p>Turner, Elisa, \u201cPrivate Property\u201d The Miami Herald, February 1, 2004<\/p>\n\n\n\n<p>Turner, Elisa, \u201cWalker in the City\u201d Artnews, September 2003<\/p>\n\n\n\n<p>Turner, Elisa, \u201c\u2019Screams\u2019 enchants at MoCA\u201d The Miami Herald, September 1, 2002<\/p>\n\n\n\n<p>Turner, Elisa, \u201chouse work\u201d The Miami Herald, February 10, 2002<\/p>\n\n\n\n<p>Turner, Elisa, \u201cGlobal Perspective\u201d, The Miami Herald, December 23, 2001<\/p>\n\n\n\n<p>Einspruch, Franklin, \u201cHit and Miss at MAM\u201d, www.miamiartexchange.com, Fall 2001<\/p>\n\n\n\n<p>Hanly, Elizabeth, \u201cYoung at Art\u201d. The Miami Herald, August 5, 2001<\/p>\n\n\n\n<p>Chappell, Crissa-Jean, \u201cMiami Now\u201d, www.nyartsmagazine.com, June 29, 2001<\/p>\n\n\n\n<p>Hartup, Cheryl, Essay for New Work Miami: Consuelo Casta\u00f1eda &amp; Adler Guerrier, exhibition<\/p>\n\n\n\n<p>pamphlet 2001<\/p>\n\n\n\n<p>Cotter, Holland, \u201cA full Studio Museum show starts with 28 young artists and a shoehorn\u201d, The<\/p>\n\n\n\n<p>New York Times, May 11, 2001<\/p>\n\n\n\n<p>Daderko, Dean, Essay for Freestyle catalogue. 2001<\/p>\n\n\n\n<p>Triff, Alfredo, \u201cFights of Fancy\u201d, Miami NewTimes, January 25-31, 2001<\/p>\n\n\n\n<p>Hudspeth, Kathleen, Essay for pro catalogue, 2001<\/p>\n\n\n\n<p>Clearwater, Bonnie, Essay for Making Art in Miami: Travels in Hyperreality catalogue, 2000<\/p>\n\n\n\n<p><strong>Publications<\/strong><\/p>\n\n\n\n<p>Scenes from a Verdant Salon, [Name] Publications, 2013.<\/p>\n\n\n\n<p>TIS03: Sheltering in, so we can begin again, TIS Books, 2021.<\/p>\n","protected":false},"excerpt":{"rendered":"<p>Bibliography Wilson, Leslie M., &#8220;Weathering, and other ways to survive&#8220;, June 2024. [PDF] Tawe, Elisha, \u201cAdler Guerrier: Dreams and Geographies that Transfigure Us\u201d, Contemporary And Am\u00e9rica Latina, July 12, 2023. Lockner, Logan, \u201cStaying South\u201d Art in America, November-December 2021. [PDF] Omotosho, Ade J., \u201cMiami D\u00e9rive: Walking with Adler Guerrier\u201d Burnaway, February 7, 2020. Bueti Federica, [&hellip;]<\/p>\n","protected":false},"author":1,"featured_media":0,"parent":0,"menu_order":0,"comment_status":"closed","ping_status":"closed","template":"","meta":{"advanced_seo_description":"","jetpack_seo_html_title":"","jetpack_seo_noindex":false,"jetpack_post_was_ever_published":false,"footnotes":""},"class_list":["post-5134","page","type-page","status-publish","hentry"],"jetpack_shortlink":"https:\/\/wp.me\/P5jtdU-1kO","jetpack_sharing_enabled":true,"_links":{"self":[{"href":"https:\/\/www.adlerguerrier.com\/studio\/wp-json\/wp\/v2\/pages\/5134","targetHints":{"allow":["GET"]}}],"collection":[{"href":"https:\/\/www.adlerguerrier.com\/studio\/wp-json\/wp\/v2\/pages"}],"about":[{"href":"https:\/\/www.adlerguerrier.com\/studio\/wp-json\/wp\/v2\/types\/page"}],"author":[{"embeddable":true,"href":"https:\/\/www.adlerguerrier.com\/studio\/wp-json\/wp\/v2\/users\/1"}],"replies":[{"embeddable":true,"href":"https:\/\/www.adlerguerrier.com\/studio\/wp-json\/wp\/v2\/comments?post=5134"}],"version-history":[{"count":4,"href":"https:\/\/www.adlerguerrier.com\/studio\/wp-json\/wp\/v2\/pages\/5134\/revisions"}],"predecessor-version":[{"id":6608,"href":"https:\/\/www.adlerguerrier.com\/studio\/wp-json\/wp\/v2\/pages\/5134\/revisions\/6608"}],"wp:attachment":[{"href":"https:\/\/www.adlerguerrier.com\/studio\/wp-json\/wp\/v2\/media?parent=5134"}],"curies":[{"name":"wp","href":"https:\/\/api.w.org\/{rel}","templated":true}]}}